{"id":1057,"date":"2022-07-04T03:50:50","date_gmt":"2022-07-04T03:50:50","guid":{"rendered":"https:\/\/shtheme.com\/demosd\/thecappawp\/?page_id=1057"},"modified":"2024-07-02T19:45:37","modified_gmt":"2024-07-02T18:45:37","slug":"media","status":"publish","type":"page","link":"https:\/\/luna-classics.com\/en\/media\/","title":{"rendered":"Press Articles"},"content":{"rendered":"<div data-elementor-type=\"wp-page\" data-elementor-id=\"1057\" class=\"elementor elementor-1057\">\n\t\t\t\t\t\t<section class=\"elementor-section elementor-top-section elementor-element elementor-element-0900db4 elementor-section-full_width elementor-section-height-default elementor-section-height-default\" data-id=\"0900db4\" data-element_type=\"section\">\n\t\t\t\t\t\t<div class=\"elementor-container elementor-column-gap-no\">\n\t\t\t\t\t<div class=\"elementor-column elementor-col-100 elementor-top-column elementor-element elementor-element-3152bda\" data-id=\"3152bda\" data-element_type=\"column\">\n\t\t\t<div class=\"elementor-widget-wrap elementor-element-populated\">\n\t\t\t\t\t\t<div class=\"elementor-element elementor-element-45134cf elementor-align-left elementor-hidden-tablet elementor-hidden-mobile elementor-widget elementor-widget-pages-banner\" data-id=\"45134cf\" data-element_type=\"widget\" data-widget_type=\"pages-banner.default\">\n\t\t\t\t<div class=\"elementor-widget-container\">\n\t\t\t\r\n\t\t\t\t<div class=\"banner-header section-padding valign bg-img bg-fixed\" data-overlay-dark=\"4\" data-background=\"https:\/\/luna-classics.com\/wp-content\/uploads\/2023\/12\/Festival2013-018-scaled-e1703279916559.jpg\">\r\n\t\t\t\t\t<div class=\"container\">\r\n\t\t\t\t<div class=\"row\">\r\n\t\t\t\t\t<div class=\"col-md-12 caption mt-90\">\r\n\t\t\t\t\t\t\t\t\t\t\t\t<h5>Blog and medias<\/h5>\r\n\t\t\t\t\t\t\t\t\t\t\t\t\t\t\t\t\t\t<h1>News articles about the festival<\/h1>\r\n\t\t\t\t\t\t\t\t\t\t\t<\/div>\r\n\t\t\t\t<\/div>\r\n\t\t\t<\/div>\r\n\t\t<\/div>\r\n\r\n\t\t\t<\/div>\n\t\t\t\t<\/div>\n\t\t\t\t<div class=\"elementor-element elementor-element-8e51ebf elementor-align-left elementor-hidden-desktop elementor-widget elementor-widget-pages-banner\" data-id=\"8e51ebf\" data-element_type=\"widget\" data-widget_type=\"pages-banner.default\">\n\t\t\t\t<div class=\"elementor-widget-container\">\n\t\t\t\r\n\t\t\t\t<div class=\"banner-header section-padding valign bg-img bg-fixed\" data-overlay-dark=\"4\" data-background=\"https:\/\/luna-classics.com\/wp-content\/uploads\/2024\/07\/presse32-scaled.jpg\">\r\n\t\t\t\t\t<div class=\"container\">\r\n\t\t\t\t<div class=\"row\">\r\n\t\t\t\t\t<div class=\"col-md-12 caption mt-90\">\r\n\t\t\t\t\t\t\t\t\t\t\t\t<h5>Blog and medias<\/h5>\r\n\t\t\t\t\t\t\t\t\t\t\t\t\t\t\t\t\t\t<h1>News articles about the festival<\/h1>\r\n\t\t\t\t\t\t\t\t\t\t\t<\/div>\r\n\t\t\t\t<\/div>\r\n\t\t\t<\/div>\r\n\t\t<\/div>\r\n\r\n\t\t\t<\/div>\n\t\t\t\t<\/div>\n\t\t\t\t\t<\/div>\n\t\t<\/div>\n\t\t\t\t\t<\/div>\n\t\t<\/section>\n\t\t\t\t<section class=\"elementor-section elementor-top-section elementor-element elementor-element-4dabbbe elementor-section-full_width elementor-section-height-default elementor-section-height-default\" data-id=\"4dabbbe\" data-element_type=\"section\">\n\t\t\t\t\t\t<div class=\"elementor-container elementor-column-gap-no\">\n\t\t\t\t\t<div class=\"elementor-column elementor-col-100 elementor-top-column elementor-element elementor-element-28fc5da\" data-id=\"28fc5da\" data-element_type=\"column\">\n\t\t\t<div class=\"elementor-widget-wrap elementor-element-populated\">\n\t\t\t\t\t\t<div class=\"elementor-element elementor-element-508c6d2 elementor-align-left elementor-widget elementor-widget-pages-blog\" data-id=\"508c6d2\" data-element_type=\"widget\" data-widget_type=\"pages-blog.default\">\n\t\t\t\t<div class=\"elementor-widget-container\">\n\t\t\t\r\n\t\t\t\t<section class=\"news section-padding bg-black\">\r\n\t\t\t\t\t<div class=\"container\">\r\n\t\t\t\t<div class=\"row\">\r\n\t\t\t\t\t\t\t\t\t\t\t<div class=\"col-md-4 mb-30\">\r\n\t\t\t\t\t\t\t<div class=\"item\">\r\n\t\t\t\t\t\t\t\t<div class=\"position-re o-hidden\"> <img decoding=\"async\" src=\"https:\/\/luna-classics.com\/wp-content\/uploads\/2023\/11\/374895_saint_prex_web.jpg\" alt=\"\">\r\n\t\t\t\t\t\t\t\t\t<div class=\"date\">\r\n\t\t\t\t\t\t\t\t\t\t<a href=\"https:\/\/luna-classics.com\/en\/luna-classics-devoile-sa-programmation\/\"> <span>May<\/span> <i>14<\/i> <\/a>\r\n\t\t\t\t\t\t\t\t\t<\/div>\r\n\t\t\t\t\t\t\t\t<\/div>\r\n\t\t\t\t\t\t\t\t<div class=\"con\"> <span class=\"category\"><\/span>\r\n\t\t\t\t\t\t\t\t\t<h5><a href=\"https:\/\/luna-classics.com\/en\/luna-classics-devoile-sa-programmation\/\">Luna Classics d\u00e9voile sa programmation<\/a><\/h5>\r\n\t\t\t\t\t\t\t\t<\/div>\r\n\t\t\t\t\t\t\t<\/div>\r\n\t\t\t\t\t\t<\/div>\r\n\t\t\t\t\t\t\t\t\t\t\t<div class=\"col-md-4 mb-30\">\r\n\t\t\t\t\t\t\t<div class=\"item\">\r\n\t\t\t\t\t\t\t\t<div class=\"position-re o-hidden\"> <img decoding=\"async\" src=\"https:\/\/luna-classics.com\/wp-content\/uploads\/2014\/05\/Screenshot-2024-02-07-at-16-48-05-Luna-Classics-sur-une-note-insolite-Le-Temps-2.png\" alt=\"\">\r\n\t\t\t\t\t\t\t\t\t<div class=\"date\">\r\n\t\t\t\t\t\t\t\t\t\t<a href=\"https:\/\/luna-classics.com\/en\/letemps-ch-luna-classics-sur-une-note-insolite\/\"> <span>May<\/span> <i>25<\/i> <\/a>\r\n\t\t\t\t\t\t\t\t\t<\/div>\r\n\t\t\t\t\t\t\t\t<\/div>\r\n\t\t\t\t\t\t\t\t<div class=\"con\"> <span class=\"category\"><\/span>\r\n\t\t\t\t\t\t\t\t\t<h5><a href=\"https:\/\/luna-classics.com\/en\/letemps-ch-luna-classics-sur-une-note-insolite\/\">LeTemps.ch | Luna Classics sur une note insolite<\/a><\/h5>\r\n\t\t\t\t\t\t\t\t<\/div>\r\n\t\t\t\t\t\t\t<\/div>\r\n\t\t\t\t\t\t<\/div>\r\n\t\t\t\t\t\t\t\t\t\t\t<div class=\"col-md-4 mb-30\">\r\n\t\t\t\t\t\t\t<div class=\"item\">\r\n\t\t\t\t\t\t\t\t<div class=\"position-re o-hidden\"> <img decoding=\"async\" src=\"https:\/\/luna-classics.com\/wp-content\/uploads\/2013\/02\/Screenshot-2024-02-07-at-16-56-57-Le-St-Prex-Classics-2013-devoile-ses-premiers-noms.png\" alt=\"\">\r\n\t\t\t\t\t\t\t\t\t<div class=\"date\">\r\n\t\t\t\t\t\t\t\t\t\t<a href=\"https:\/\/luna-classics.com\/en\/lacote-ch-le-st-prex-classics-2013-devoile-ses-premiers-noms\/\"> <span>Feb<\/span> <i>5<\/i> <\/a>\r\n\t\t\t\t\t\t\t\t\t<\/div>\r\n\t\t\t\t\t\t\t\t<\/div>\r\n\t\t\t\t\t\t\t\t<div class=\"con\"> <span class=\"category\"><\/span>\r\n\t\t\t\t\t\t\t\t\t<h5><a href=\"https:\/\/luna-classics.com\/en\/lacote-ch-le-st-prex-classics-2013-devoile-ses-premiers-noms\/\">LaCote.ch | Le St-Prex Classics 2013 d\u00e9voile ses premiers noms<\/a><\/h5>\r\n\t\t\t\t\t\t\t\t<\/div>\r\n\t\t\t\t\t\t\t<\/div>\r\n\t\t\t\t\t\t<\/div>\r\n\t\t\t\t\t\t\t\t\t\t\t<div class=\"col-md-4 mb-30\">\r\n\t\t\t\t\t\t\t<div class=\"item\">\r\n\t\t\t\t\t\t\t\t<div class=\"position-re o-hidden\"> <img decoding=\"async\" src=\"https:\/\/luna-classics.com\/wp-content\/uploads\/2013\/05\/Screenshot-2024-02-07-at-17-08-05-Le-St-Prex-Classics-consolide-son-succes-Le-Temps.png\" alt=\"\">\r\n\t\t\t\t\t\t\t\t\t<div class=\"date\">\r\n\t\t\t\t\t\t\t\t\t\t<a href=\"https:\/\/luna-classics.com\/en\/letemps-ch-le-st-prex-classics-consolide-son-succes\/\"> <span>May<\/span> <i>3<\/i> <\/a>\r\n\t\t\t\t\t\t\t\t\t<\/div>\r\n\t\t\t\t\t\t\t\t<\/div>\r\n\t\t\t\t\t\t\t\t<div class=\"con\"> <span class=\"category\"><\/span>\r\n\t\t\t\t\t\t\t\t\t<h5><a href=\"https:\/\/luna-classics.com\/en\/letemps-ch-le-st-prex-classics-consolide-son-succes\/\">LeTemps.ch | Le St Prex Classics consolide son succ\u00e8s<\/a><\/h5>\r\n\t\t\t\t\t\t\t\t<\/div>\r\n\t\t\t\t\t\t\t<\/div>\r\n\t\t\t\t\t\t<\/div>\r\n\t\t\t\t\t\t\t\t\t\t\t<div class=\"col-md-4 mb-30\">\r\n\t\t\t\t\t\t\t<div class=\"item\">\r\n\t\t\t\t\t\t\t\t<div class=\"position-re o-hidden\"> <img decoding=\"async\" src=\"https:\/\/luna-classics.com\/wp-content\/uploads\/2011\/08\/Screenshot-2024-02-07-at-17-28-50-Rencontre-avec-Jeremie-Belingard-au-St-Prex-Classics.png\" alt=\"\">\r\n\t\t\t\t\t\t\t\t\t<div class=\"date\">\r\n\t\t\t\t\t\t\t\t\t\t<a href=\"https:\/\/luna-classics.com\/en\/rtsch-2011\/\"> <span>Aug<\/span> <i>25<\/i> <\/a>\r\n\t\t\t\t\t\t\t\t\t<\/div>\r\n\t\t\t\t\t\t\t\t<\/div>\r\n\t\t\t\t\t\t\t\t<div class=\"con\"> <span class=\"category\"><\/span>\r\n\t\t\t\t\t\t\t\t\t<h5><a href=\"https:\/\/luna-classics.com\/en\/rtsch-2011\/\">RTS.ch | Rencontre avec J\u00e9r\u00e9mie B\u00e9lingard au St Prex Classics<\/a><\/h5>\r\n\t\t\t\t\t\t\t\t<\/div>\r\n\t\t\t\t\t\t\t<\/div>\r\n\t\t\t\t\t\t<\/div>\r\n\t\t\t\t\t\t\t\t\t\t\t<div class=\"col-md-4 mb-30\">\r\n\t\t\t\t\t\t\t<div class=\"item\">\r\n\t\t\t\t\t\t\t\t<div class=\"position-re o-hidden\"> <img decoding=\"async\" src=\"https:\/\/luna-classics.com\/wp-content\/uploads\/2014\/05\/Screenshot-2024-03-15-101927.png\" alt=\"\">\r\n\t\t\t\t\t\t\t\t\t<div class=\"date\">\r\n\t\t\t\t\t\t\t\t\t\t<a href=\"https:\/\/luna-classics.com\/en\/rts-ch-le-festival-de-danse-et-de-musique-st-prex-classics-demenage-a-nyon\/\"> <span>May<\/span> <i>2<\/i> <\/a>\r\n\t\t\t\t\t\t\t\t\t<\/div>\r\n\t\t\t\t\t\t\t\t<\/div>\r\n\t\t\t\t\t\t\t\t<div class=\"con\"> <span class=\"category\"><\/span>\r\n\t\t\t\t\t\t\t\t\t<h5><a href=\"https:\/\/luna-classics.com\/en\/rts-ch-le-festival-de-danse-et-de-musique-st-prex-classics-demenage-a-nyon\/\">RTS.ch | Le festival de danse et de musique St Prex Classics d\u00e9m\u00e9nage \u00e0 Nyon<\/a><\/h5>\r\n\t\t\t\t\t\t\t\t<\/div>\r\n\t\t\t\t\t\t\t<\/div>\r\n\t\t\t\t\t\t<\/div>\r\n\t\t\t\t\t\t\t\t\t\t\t<div class=\"col-md-4 mb-30\">\r\n\t\t\t\t\t\t\t<div class=\"item\">\r\n\t\t\t\t\t\t\t\t<div class=\"position-re o-hidden\"> <img decoding=\"async\" src=\"https:\/\/luna-classics.com\/wp-content\/uploads\/2013\/01\/2216x1244.jpg\" alt=\"\">\r\n\t\t\t\t\t\t\t\t\t<div class=\"date\">\r\n\t\t\t\t\t\t\t\t\t\t<a href=\"https:\/\/luna-classics.com\/en\/epfl-une-lune-dhelium-pour-proteger-le-festival-st-prex-classics\/\"> <span>Jan<\/span> <i>1<\/i> <\/a>\r\n\t\t\t\t\t\t\t\t\t<\/div>\r\n\t\t\t\t\t\t\t\t<\/div>\r\n\t\t\t\t\t\t\t\t<div class=\"con\"> <span class=\"category\"><\/span>\r\n\t\t\t\t\t\t\t\t\t<h5><a href=\"https:\/\/luna-classics.com\/en\/epfl-une-lune-dhelium-pour-proteger-le-festival-st-prex-classics\/\">EPFL | Une \u00ab lune \u00bb d&rsquo;h\u00e9lium pour prot\u00e9ger le festival St Prex Classics<\/a><\/h5>\r\n\t\t\t\t\t\t\t\t<\/div>\r\n\t\t\t\t\t\t\t<\/div>\r\n\t\t\t\t\t\t<\/div>\r\n\t\t\t\t\t\t\t\t\t\t\t<div class=\"col-md-4 mb-30\">\r\n\t\t\t\t\t\t\t<div class=\"item\">\r\n\t\t\t\t\t\t\t\t<div class=\"position-re o-hidden\"> <img decoding=\"async\" src=\"https:\/\/luna-classics.com\/wp-content\/uploads\/2014\/01\/av_imagen-scaled.webp\" alt=\"\">\r\n\t\t\t\t\t\t\t\t\t<div class=\"date\">\r\n\t\t\t\t\t\t\t\t\t\t<a href=\"https:\/\/luna-classics.com\/en\/epfl-pavilion-for-the-luna-st-prex-festival\/\"> <span>Jan<\/span> <i>1<\/i> <\/a>\r\n\t\t\t\t\t\t\t\t\t<\/div>\r\n\t\t\t\t\t\t\t\t<\/div>\r\n\t\t\t\t\t\t\t\t<div class=\"con\"> <span class=\"category\"><\/span>\r\n\t\t\t\t\t\t\t\t\t<h5><a href=\"https:\/\/luna-classics.com\/en\/epfl-pavilion-for-the-luna-st-prex-festival\/\">EPFL | Pavilion for the Luna St. Prex Festival<\/a><\/h5>\r\n\t\t\t\t\t\t\t\t<\/div>\r\n\t\t\t\t\t\t\t<\/div>\r\n\t\t\t\t\t\t<\/div>\r\n\t\t\t\t\t\t\t\t\t\t\t<div class=\"col-md-4 mb-30\">\r\n\t\t\t\t\t\t\t<div class=\"item\">\r\n\t\t\t\t\t\t\t\t<div class=\"position-re o-hidden\"> <img decoding=\"async\" src=\"https:\/\/luna-classics.com\/wp-content\/uploads\/2012\/08\/Screenshot-2024-03-15-103331.png\" alt=\"\">\r\n\t\t\t\t\t\t\t\t\t<div class=\"date\">\r\n\t\t\t\t\t\t\t\t\t\t<a href=\"https:\/\/luna-classics.com\/en\/20min-ch-un-dome-flottera-sur-le-festival\/\"> <span>Aug<\/span> <i>15<\/i> <\/a>\r\n\t\t\t\t\t\t\t\t\t<\/div>\r\n\t\t\t\t\t\t\t\t<\/div>\r\n\t\t\t\t\t\t\t\t<div class=\"con\"> <span class=\"category\"><\/span>\r\n\t\t\t\t\t\t\t\t\t<h5><a href=\"https:\/\/luna-classics.com\/en\/20min-ch-un-dome-flottera-sur-le-festival\/\">20min.ch | Un d\u00f4me flottera sur le festival<\/a><\/h5>\r\n\t\t\t\t\t\t\t\t<\/div>\r\n\t\t\t\t\t\t\t<\/div>\r\n\t\t\t\t\t\t<\/div>\r\n\t\t\t\t\t\t\t\t\t\t\t<div class=\"col-md-4 mb-30\">\r\n\t\t\t\t\t\t\t<div class=\"item\">\r\n\t\t\t\t\t\t\t\t<div class=\"position-re o-hidden\"> <img decoding=\"async\" src=\"https:\/\/luna-classics.com\/wp-content\/uploads\/2014\/05\/Screenshot-2024-03-15-at-10-39-03-Rebaptise-le-St-Prex-Classics-demenage-a-Nyon-VD.png\" alt=\"\">\r\n\t\t\t\t\t\t\t\t\t<div class=\"date\">\r\n\t\t\t\t\t\t\t\t\t\t<a href=\"https:\/\/luna-classics.com\/en\/la-liberte-rebaptise-le-st-prex-classics-demenage-a-nyon-vd\/\"> <span>May<\/span> <i>2<\/i> <\/a>\r\n\t\t\t\t\t\t\t\t\t<\/div>\r\n\t\t\t\t\t\t\t\t<\/div>\r\n\t\t\t\t\t\t\t\t<div class=\"con\"> <span class=\"category\"><\/span>\r\n\t\t\t\t\t\t\t\t\t<h5><a href=\"https:\/\/luna-classics.com\/en\/la-liberte-rebaptise-le-st-prex-classics-demenage-a-nyon-vd\/\">La Libert\u00e9 |  Rebaptis\u00e9, le St-Prex Classics d\u00e9m\u00e9nage \u00e0 Nyon (VD)<\/a><\/h5>\r\n\t\t\t\t\t\t\t\t<\/div>\r\n\t\t\t\t\t\t\t<\/div>\r\n\t\t\t\t\t\t<\/div>\r\n\t\t\t\t\t\t\t\t\t\t\t<div class=\"col-md-4 mb-30\">\r\n\t\t\t\t\t\t\t<div class=\"item\">\r\n\t\t\t\t\t\t\t\t<div class=\"position-re o-hidden\"> <img decoding=\"async\" src=\"https:\/\/luna-classics.com\/wp-content\/uploads\/2012\/05\/Screenshot-2024-03-15-at-10-41-09-Le-festival-de-Saint-Prex-a-rendez-vous-avec-sa-lune.png\" alt=\"\">\r\n\t\t\t\t\t\t\t\t\t<div class=\"date\">\r\n\t\t\t\t\t\t\t\t\t\t<a href=\"https:\/\/luna-classics.com\/en\/24heures-ch-le-festival-de-saint-prex-a-rendez-vous-avec-sa-lune\/\"> <span>May<\/span> <i>11<\/i> <\/a>\r\n\t\t\t\t\t\t\t\t\t<\/div>\r\n\t\t\t\t\t\t\t\t<\/div>\r\n\t\t\t\t\t\t\t\t<div class=\"con\"> <span class=\"category\"><\/span>\r\n\t\t\t\t\t\t\t\t\t<h5><a href=\"https:\/\/luna-classics.com\/en\/24heures-ch-le-festival-de-saint-prex-a-rendez-vous-avec-sa-lune\/\">24heures.ch | Le festival de Saint-Prex a rendez-vous avec sa lune<\/a><\/h5>\r\n\t\t\t\t\t\t\t\t<\/div>\r\n\t\t\t\t\t\t\t<\/div>\r\n\t\t\t\t\t\t<\/div>\r\n\t\t\t\t\t\t\t\t\t\t\t<div class=\"col-md-4 mb-30\">\r\n\t\t\t\t\t\t\t<div class=\"item\">\r\n\t\t\t\t\t\t\t\t<div class=\"position-re o-hidden\"> <img decoding=\"async\" src=\"https:\/\/luna-classics.com\/wp-content\/uploads\/2012\/08\/Screenshot-2024-03-15-at-10-48-50-Lenergie-positive-de-la-lune-a-Saint-Prex-Le-Temps.png\" alt=\"\">\r\n\t\t\t\t\t\t\t\t\t<div class=\"date\">\r\n\t\t\t\t\t\t\t\t\t\t<a href=\"https:\/\/luna-classics.com\/en\/letemps-ch-lenergie-positive-de-la-lune-a-saint-prex\/\"> <span>Aug<\/span> <i>15<\/i> <\/a>\r\n\t\t\t\t\t\t\t\t\t<\/div>\r\n\t\t\t\t\t\t\t\t<\/div>\r\n\t\t\t\t\t\t\t\t<div class=\"con\"> <span class=\"category\"><\/span>\r\n\t\t\t\t\t\t\t\t\t<h5><a href=\"https:\/\/luna-classics.com\/en\/letemps-ch-lenergie-positive-de-la-lune-a-saint-prex\/\">LeTemps.ch | \u00abL\u2019\u00e9nergie positive\u00bb de la lune \u00e0 Saint-Prex<\/a><\/h5>\r\n\t\t\t\t\t\t\t\t<\/div>\r\n\t\t\t\t\t\t\t<\/div>\r\n\t\t\t\t\t\t<\/div>\r\n\t\t\t\t\t\t\t\t\t\t\t<div class=\"col-md-4 mb-30\">\r\n\t\t\t\t\t\t\t<div class=\"item\">\r\n\t\t\t\t\t\t\t\t<div class=\"position-re o-hidden\"> <img decoding=\"async\" src=\"https:\/\/luna-classics.com\/wp-content\/uploads\/2013\/05\/E1gROVdL4yzAGUhaFpaznW.webp\" alt=\"\">\r\n\t\t\t\t\t\t\t\t\t<div class=\"date\">\r\n\t\t\t\t\t\t\t\t\t\t<a href=\"https:\/\/luna-classics.com\/en\/tdg-john-malkovich-au-st-prex-classics\/\"> <span>May<\/span> <i>1<\/i> <\/a>\r\n\t\t\t\t\t\t\t\t\t<\/div>\r\n\t\t\t\t\t\t\t\t<\/div>\r\n\t\t\t\t\t\t\t\t<div class=\"con\"> <span class=\"category\"><\/span>\r\n\t\t\t\t\t\t\t\t\t<h5><a href=\"https:\/\/luna-classics.com\/en\/tdg-john-malkovich-au-st-prex-classics\/\">TDG | John Malkovich au St-Prex Classics<\/a><\/h5>\r\n\t\t\t\t\t\t\t\t<\/div>\r\n\t\t\t\t\t\t\t<\/div>\r\n\t\t\t\t\t\t<\/div>\r\n\t\t\t\t\t\t\t\t\t\t\t<div class=\"col-md-4 mb-30\">\r\n\t\t\t\t\t\t\t<div class=\"item\">\r\n\t\t\t\t\t\t\t\t<div class=\"position-re o-hidden\"> <img decoding=\"async\" src=\"https:\/\/luna-classics.com\/wp-content\/uploads\/2013\/05\/john_malkovich_kvf_.jpg\" alt=\"\">\r\n\t\t\t\t\t\t\t\t\t<div class=\"date\">\r\n\t\t\t\t\t\t\t\t\t\t<a href=\"https:\/\/luna-classics.com\/en\/la-cote-st-prex-classics-soffre-des-stars-et-un-film-sur-laventure-luna\/\"> <span>May<\/span> <i>1<\/i> <\/a>\r\n\t\t\t\t\t\t\t\t\t<\/div>\r\n\t\t\t\t\t\t\t\t<\/div>\r\n\t\t\t\t\t\t\t\t<div class=\"con\"> <span class=\"category\"><\/span>\r\n\t\t\t\t\t\t\t\t\t<h5><a href=\"https:\/\/luna-classics.com\/en\/la-cote-st-prex-classics-soffre-des-stars-et-un-film-sur-laventure-luna\/\">La C\u00f4te | St Prex Classics s&rsquo;offre des stars et un film sur l&rsquo;aventure Luna<\/a><\/h5>\r\n\t\t\t\t\t\t\t\t<\/div>\r\n\t\t\t\t\t\t\t<\/div>\r\n\t\t\t\t\t\t<\/div>\r\n\t\t\t\t\t\t\t\t\t\t\t<div class=\"col-md-4 mb-30\">\r\n\t\t\t\t\t\t\t<div class=\"item\">\r\n\t\t\t\t\t\t\t\t<div class=\"position-re o-hidden\"> <img decoding=\"async\" src=\"https:\/\/luna-classics.com\/wp-content\/uploads\/2013\/05\/data_art_7018384.jpg\" alt=\"\">\r\n\t\t\t\t\t\t\t\t\t<div class=\"date\">\r\n\t\t\t\t\t\t\t\t\t\t<a href=\"https:\/\/luna-classics.com\/en\/la-cote-le-festival-des-rencontres-inedites\/\"> <span>May<\/span> <i>2<\/i> <\/a>\r\n\t\t\t\t\t\t\t\t\t<\/div>\r\n\t\t\t\t\t\t\t\t<\/div>\r\n\t\t\t\t\t\t\t\t<div class=\"con\"> <span class=\"category\"><\/span>\r\n\t\t\t\t\t\t\t\t\t<h5><a href=\"https:\/\/luna-classics.com\/en\/la-cote-le-festival-des-rencontres-inedites\/\">La C\u00f4te | Le festival des rencontres in\u00e9dites<\/a><\/h5>\r\n\t\t\t\t\t\t\t\t<\/div>\r\n\t\t\t\t\t\t\t<\/div>\r\n\t\t\t\t\t\t<\/div>\r\n\t\t\t\t\t\t\t\t\t\t\t<div class=\"col-md-4 mb-30\">\r\n\t\t\t\t\t\t\t<div class=\"item\">\r\n\t\t\t\t\t\t\t\t<div class=\"position-re o-hidden\"> <img decoding=\"async\" src=\"https:\/\/luna-classics.com\/wp-content\/uploads\/2014\/05\/FMSC0Dt74JA8EN2CShJTMD.webp\" alt=\"\">\r\n\t\t\t\t\t\t\t\t\t<div class=\"date\">\r\n\t\t\t\t\t\t\t\t\t\t<a href=\"https:\/\/luna-classics.com\/en\/24heures-lunaclassics-revele-son-programme\/\"> <span>May<\/span> <i>14<\/i> <\/a>\r\n\t\t\t\t\t\t\t\t\t<\/div>\r\n\t\t\t\t\t\t\t\t<\/div>\r\n\t\t\t\t\t\t\t\t<div class=\"con\"> <span class=\"category\"><\/span>\r\n\t\t\t\t\t\t\t\t\t<h5><a href=\"https:\/\/luna-classics.com\/en\/24heures-lunaclassics-revele-son-programme\/\">24heures | LunaClassics r\u00e9v\u00e8le son programme<\/a><\/h5>\r\n\t\t\t\t\t\t\t\t<\/div>\r\n\t\t\t\t\t\t\t<\/div>\r\n\t\t\t\t\t\t<\/div>\r\n\t\t\t\t\t\t\t\t\t\t\t<div class=\"col-md-4 mb-30\">\r\n\t\t\t\t\t\t\t<div class=\"item\">\r\n\t\t\t\t\t\t\t\t<div class=\"position-re o-hidden\"> <img decoding=\"async\" src=\"https:\/\/luna-classics.com\/wp-content\/uploads\/2012\/05\/80OxcYEDqU9BrHMfAfoHUV.webp\" alt=\"\">\r\n\t\t\t\t\t\t\t\t\t<div class=\"date\">\r\n\t\t\t\t\t\t\t\t\t\t<a href=\"https:\/\/luna-classics.com\/en\/24heures-murray-perahia-au-st-prex-classics\/\"> <span>May<\/span> <i>1<\/i> <\/a>\r\n\t\t\t\t\t\t\t\t\t<\/div>\r\n\t\t\t\t\t\t\t\t<\/div>\r\n\t\t\t\t\t\t\t\t<div class=\"con\"> <span class=\"category\"><\/span>\r\n\t\t\t\t\t\t\t\t\t<h5><a href=\"https:\/\/luna-classics.com\/en\/24heures-murray-perahia-au-st-prex-classics\/\">24heures | Murray Perahia au St Prex Classics<\/a><\/h5>\r\n\t\t\t\t\t\t\t\t<\/div>\r\n\t\t\t\t\t\t\t<\/div>\r\n\t\t\t\t\t\t<\/div>\r\n\t\t\t\t\t\t\t\t\t\t\t<div class=\"col-md-4 mb-30\">\r\n\t\t\t\t\t\t\t<div class=\"item\">\r\n\t\t\t\t\t\t\t\t<div class=\"position-re o-hidden\"> <img decoding=\"async\" src=\"https:\/\/luna-classics.com\/wp-content\/uploads\/2013\/08\/data_art_7308011.jpg\" alt=\"\">\r\n\t\t\t\t\t\t\t\t\t<div class=\"date\">\r\n\t\t\t\t\t\t\t\t\t\t<a href=\"https:\/\/luna-classics.com\/en\/la-cote-le-festival-fait-des-bulles\/\"> <span>Aug<\/span> <i>23<\/i> <\/a>\r\n\t\t\t\t\t\t\t\t\t<\/div>\r\n\t\t\t\t\t\t\t\t<\/div>\r\n\t\t\t\t\t\t\t\t<div class=\"con\"> <span class=\"category\"><\/span>\r\n\t\t\t\t\t\t\t\t\t<h5><a href=\"https:\/\/luna-classics.com\/en\/la-cote-le-festival-fait-des-bulles\/\">La C\u00f4te | Le festival fait des bulles<\/a><\/h5>\r\n\t\t\t\t\t\t\t\t<\/div>\r\n\t\t\t\t\t\t\t<\/div>\r\n\t\t\t\t\t\t<\/div>\r\n\t\t\t\t\t\t\t\t\t\t\t<div class=\"col-md-4 mb-30\">\r\n\t\t\t\t\t\t\t<div class=\"item\">\r\n\t\t\t\t\t\t\t\t<div class=\"position-re o-hidden\"> <img decoding=\"async\" src=\"https:\/\/luna-classics.com\/wp-content\/uploads\/2014\/08\/Screenshot-2024-03-15-at-11-19-45-Le-violon-genereux-de-Vengerov-Le-Temps.png\" alt=\"\">\r\n\t\t\t\t\t\t\t\t\t<div class=\"date\">\r\n\t\t\t\t\t\t\t\t\t\t<a href=\"https:\/\/luna-classics.com\/en\/le-temps-le-violon-genereux-de-vengerov\/\"> <span>Aug<\/span> <i>21<\/i> <\/a>\r\n\t\t\t\t\t\t\t\t\t<\/div>\r\n\t\t\t\t\t\t\t\t<\/div>\r\n\t\t\t\t\t\t\t\t<div class=\"con\"> <span class=\"category\"><\/span>\r\n\t\t\t\t\t\t\t\t\t<h5><a href=\"https:\/\/luna-classics.com\/en\/le-temps-le-violon-genereux-de-vengerov\/\">Le Temps | Le violon g\u00e9n\u00e9reux de Vengerov<\/a><\/h5>\r\n\t\t\t\t\t\t\t\t<\/div>\r\n\t\t\t\t\t\t\t<\/div>\r\n\t\t\t\t\t\t<\/div>\r\n\t\t\t\t\t\t\t\t\t\t\t<div class=\"col-md-4 mb-30\">\r\n\t\t\t\t\t\t\t<div class=\"item\">\r\n\t\t\t\t\t\t\t\t<div class=\"position-re o-hidden\"> <img decoding=\"async\" src=\"https:\/\/luna-classics.com\/wp-content\/uploads\/2011\/08\/Screenshot-2024-03-15-at-11-21-19-Nigel-Kennedy-fait-chanter-son-violon-au-St-Prex-Classics-SWI-swissinfo.ch_.png\" alt=\"\">\r\n\t\t\t\t\t\t\t\t\t<div class=\"date\">\r\n\t\t\t\t\t\t\t\t\t\t<a href=\"https:\/\/luna-classics.com\/en\/swissinfo-nigel-kennedy-fait-chanter-son-violon-au-st-prex-classics\/\"> <span>Aug<\/span> <i>23<\/i> <\/a>\r\n\t\t\t\t\t\t\t\t\t<\/div>\r\n\t\t\t\t\t\t\t\t<\/div>\r\n\t\t\t\t\t\t\t\t<div class=\"con\"> <span class=\"category\"><\/span>\r\n\t\t\t\t\t\t\t\t\t<h5><a href=\"https:\/\/luna-classics.com\/en\/swissinfo-nigel-kennedy-fait-chanter-son-violon-au-st-prex-classics\/\">SwissInfo |  Nigel Kennedy fait chanter son violon au St-Prex Classics<\/a><\/h5>\r\n\t\t\t\t\t\t\t\t<\/div>\r\n\t\t\t\t\t\t\t<\/div>\r\n\t\t\t\t\t\t<\/div>\r\n\t\t\t\t\t\t\t\t\t\t\t<div class=\"col-md-4 mb-30\">\r\n\t\t\t\t\t\t\t<div class=\"item\">\r\n\t\t\t\t\t\t\t\t<div class=\"position-re o-hidden\"> <img decoding=\"async\" src=\"https:\/\/luna-classics.com\/wp-content\/uploads\/2024\/03\/Screenshot-2024-03-15-at-11-23-20-Richard-Galliano-laccordeon-voyageur-Le-Temps.png\" alt=\"\">\r\n\t\t\t\t\t\t\t\t\t<div class=\"date\">\r\n\t\t\t\t\t\t\t\t\t\t<a href=\"https:\/\/luna-classics.com\/en\/le-temps-richard-galliano-laccordeon-voyageur\/\"> <span>Aug<\/span> <i>2<\/i> <\/a>\r\n\t\t\t\t\t\t\t\t\t<\/div>\r\n\t\t\t\t\t\t\t\t<\/div>\r\n\t\t\t\t\t\t\t\t<div class=\"con\"> <span class=\"category\"><\/span>\r\n\t\t\t\t\t\t\t\t\t<h5><a href=\"https:\/\/luna-classics.com\/en\/le-temps-richard-galliano-laccordeon-voyageur\/\">Le Temps | Richard Galliano, l\u2019accord\u00e9on voyageur<\/a><\/h5>\r\n\t\t\t\t\t\t\t\t<\/div>\r\n\t\t\t\t\t\t\t<\/div>\r\n\t\t\t\t\t\t<\/div>\r\n\t\t\t\t\t\t\t\t\t\t\t<div class=\"col-md-4 mb-30\">\r\n\t\t\t\t\t\t\t<div class=\"item\">\r\n\t\t\t\t\t\t\t\t<div class=\"position-re o-hidden\"> <img decoding=\"async\" src=\"https:\/\/luna-classics.com\/wp-content\/uploads\/2014\/06\/Screenshot-2024-03-15-at-11-26-08-Luna-Classics-Le-Temps.png\" alt=\"\">\r\n\t\t\t\t\t\t\t\t\t<div class=\"date\">\r\n\t\t\t\t\t\t\t\t\t\t<a href=\"https:\/\/luna-classics.com\/en\/le-temps-luna-classics\/\"> <span>Jun<\/span> <i>27<\/i> <\/a>\r\n\t\t\t\t\t\t\t\t\t<\/div>\r\n\t\t\t\t\t\t\t\t<\/div>\r\n\t\t\t\t\t\t\t\t<div class=\"con\"> <span class=\"category\"><\/span>\r\n\t\t\t\t\t\t\t\t\t<h5><a href=\"https:\/\/luna-classics.com\/en\/le-temps-luna-classics\/\">Le Temps | Luna Classics<\/a><\/h5>\r\n\t\t\t\t\t\t\t\t<\/div>\r\n\t\t\t\t\t\t\t<\/div>\r\n\t\t\t\t\t\t<\/div>\r\n\t\t\t\t\t\t\t\t\t\t\t<div class=\"col-md-4 mb-30\">\r\n\t\t\t\t\t\t\t<div class=\"item\">\r\n\t\t\t\t\t\t\t\t<div class=\"position-re o-hidden\"> <img decoding=\"async\" src=\"https:\/\/luna-classics.com\/wp-content\/uploads\/2014\/05\/Screenshot-2024-03-15-at-11-28-45-Nyon-Habitues-et-nouveaux-se-meleront-a-Luna-Classics.png\" alt=\"\">\r\n\t\t\t\t\t\t\t\t\t<div class=\"date\">\r\n\t\t\t\t\t\t\t\t\t\t<a href=\"https:\/\/luna-classics.com\/en\/la-cote-nyon-habitues-et-nouveaux-se-meleront-a-luna-classics\/\"> <span>May<\/span> <i>14<\/i> <\/a>\r\n\t\t\t\t\t\t\t\t\t<\/div>\r\n\t\t\t\t\t\t\t\t<\/div>\r\n\t\t\t\t\t\t\t\t<div class=\"con\"> <span class=\"category\"><\/span>\r\n\t\t\t\t\t\t\t\t\t<h5><a href=\"https:\/\/luna-classics.com\/en\/la-cote-nyon-habitues-et-nouveaux-se-meleront-a-luna-classics\/\">La C\u00f4te | Nyon: Habitu\u00e9s et nouveaux se m\u00ealeront \u00e0 Luna Classics<\/a><\/h5>\r\n\t\t\t\t\t\t\t\t<\/div>\r\n\t\t\t\t\t\t\t<\/div>\r\n\t\t\t\t\t\t<\/div>\r\n\t\t\t\t\t\t\t\t\t\t\t<div class=\"col-md-4 mb-30\">\r\n\t\t\t\t\t\t\t<div class=\"item\">\r\n\t\t\t\t\t\t\t\t<div class=\"position-re o-hidden\"> <img decoding=\"async\" src=\"https:\/\/luna-classics.com\/wp-content\/uploads\/2012\/05\/maxresdefault-1.jpg\" alt=\"\">\r\n\t\t\t\t\t\t\t\t\t<div class=\"date\">\r\n\t\t\t\t\t\t\t\t\t\t<a href=\"https:\/\/luna-classics.com\/en\/documentaire-rts\/\"> <span>May<\/span> <i>30<\/i> <\/a>\r\n\t\t\t\t\t\t\t\t\t<\/div>\r\n\t\t\t\t\t\t\t\t<\/div>\r\n\t\t\t\t\t\t\t\t<div class=\"con\"> <span class=\"category\"><\/span>\r\n\t\t\t\t\t\t\t\t\t<h5><a href=\"https:\/\/luna-classics.com\/en\/documentaire-rts\/\">Documentaire sur le St Prex Classics \u00ab\u00a0On a jou\u00e9 sous la Lune\u00a0\u00bb<\/a><\/h5>\r\n\t\t\t\t\t\t\t\t<\/div>\r\n\t\t\t\t\t\t\t<\/div>\r\n\t\t\t\t\t\t<\/div>\r\n\t\t\t\t\t\t\t\t\t<\/div>\r\n\t\t\t<\/div>\r\n\t\t<\/section>\r\n\t\t\r\n\r\n\t\t\t<\/div>\n\t\t\t\t<\/div>\n\t\t\t\t\t<\/div>\n\t\t<\/div>\n\t\t\t\t\t<\/div>\n\t\t<\/section>\n\t\t\t\t<\/div>","protected":false},"excerpt":{"rendered":"<p>blog et m\u00e9dia Presse sur le festival blog et m\u00e9dia Presse sur le festival May 14 Luna Classics d\u00e9voile sa programmation May 25 LeTemps.ch | Luna Classics sur une note insolite Feb 5 LaCote.ch | Le St-Prex Classics 2013 d\u00e9voile ses premiers noms May 3 LeTemps.ch | Le St Prex Classics consolide son succ\u00e8s Aug [&hellip;]<\/p>","protected":false},"author":1,"featured_media":0,"parent":0,"menu_order":0,"comment_status":"closed","ping_status":"closed","template":"page-templates\/dark-sidebar.php","meta":{"footnotes":""},"class_list":["post-1057","page","type-page","status-publish","hentry"],"_links":{"self":[{"href":"https:\/\/luna-classics.com\/en\/wp-json\/wp\/v2\/pages\/1057","targetHints":{"allow":["GET"]}}],"collection":[{"href":"https:\/\/luna-classics.com\/en\/wp-json\/wp\/v2\/pages"}],"about":[{"href":"https:\/\/luna-classics.com\/en\/wp-json\/wp\/v2\/types\/page"}],"author":[{"embeddable":true,"href":"https:\/\/luna-classics.com\/en\/wp-json\/wp\/v2\/users\/1"}],"replies":[{"embeddable":true,"href":"https:\/\/luna-classics.com\/en\/wp-json\/wp\/v2\/comments?post=1057"}],"version-history":[{"count":48,"href":"https:\/\/luna-classics.com\/en\/wp-json\/wp\/v2\/pages\/1057\/revisions"}],"predecessor-version":[{"id":4402,"href":"https:\/\/luna-classics.com\/en\/wp-json\/wp\/v2\/pages\/1057\/revisions\/4402"}],"wp:attachment":[{"href":"https:\/\/luna-classics.com\/en\/wp-json\/wp\/v2\/media?parent=1057"}],"curies":[{"name":"wp","href":"https:\/\/api.w.org\/{rel}","templated":true}]}}