{"id":3137,"date":"2023-11-13T14:05:19","date_gmt":"2023-11-13T14:05:19","guid":{"rendered":"https:\/\/luna-classics.com\/?page_id=3137"},"modified":"2024-04-05T09:22:48","modified_gmt":"2024-04-05T08:22:48","slug":"dome","status":"publish","type":"page","link":"https:\/\/luna-classics.com\/en\/dome\/","title":{"rendered":"L&rsquo;amphith\u00e9\u00e2tre Luna"},"content":{"rendered":"<div data-elementor-type=\"wp-page\" data-elementor-id=\"3137\" class=\"elementor elementor-3137\">\n\t\t\t\t\t\t<section class=\"elementor-section elementor-top-section elementor-element elementor-element-38f177a elementor-section-full_width elementor-section-height-default elementor-section-height-default\" data-id=\"38f177a\" data-element_type=\"section\">\n\t\t\t\t\t\t<div class=\"elementor-container elementor-column-gap-no\">\n\t\t\t\t\t<div class=\"elementor-column elementor-col-100 elementor-top-column elementor-element elementor-element-4570fba\" data-id=\"4570fba\" data-element_type=\"column\">\n\t\t\t<div class=\"elementor-widget-wrap elementor-element-populated\">\n\t\t\t\t\t\t<div class=\"elementor-element elementor-element-7841528 elementor-widget elementor-widget-video\" data-id=\"7841528\" data-element_type=\"widget\" data-settings=\"{&quot;youtube_url&quot;:&quot;https:\\\/\\\/www.youtube.com\\\/watch?v=UxL4J9P_DB4&quot;,&quot;autoplay&quot;:&quot;yes&quot;,&quot;mute&quot;:&quot;yes&quot;,&quot;video_type&quot;:&quot;youtube&quot;}\" data-widget_type=\"video.default\">\n\t\t\t\t<div class=\"elementor-widget-container\">\n\t\t\t\t\t<div class=\"elementor-wrapper elementor-open-inline\">\n\t\t\t<div class=\"elementor-video\"><\/div>\t\t<\/div>\n\t\t\t\t<\/div>\n\t\t\t\t<\/div>\n\t\t\t\t\t<\/div>\n\t\t<\/div>\n\t\t\t\t\t<\/div>\n\t\t<\/section>\n\t\t\t\t<section class=\"elementor-section elementor-top-section elementor-element elementor-element-1e6dca8 elementor-section-full_width elementor-section-height-default elementor-section-height-default\" data-id=\"1e6dca8\" data-element_type=\"section\">\n\t\t\t\t\t\t<div class=\"elementor-container elementor-column-gap-no\">\n\t\t\t\t\t<div class=\"elementor-column elementor-col-100 elementor-top-column elementor-element elementor-element-1f2ff29\" data-id=\"1f2ff29\" data-element_type=\"column\">\n\t\t\t<div class=\"elementor-widget-wrap elementor-element-populated\">\n\t\t\t\t\t\t<div class=\"elementor-element elementor-element-405c631 elementor-align-left elementor-widget elementor-widget-pages-restaurant-content\" data-id=\"405c631\" data-element_type=\"widget\" data-widget_type=\"pages-restaurant-content.default\">\n\t\t\t\t<div class=\"elementor-widget-container\">\n\t\t\t\n\t\t<section class=\"rooms-page section-padding\" data-scroll-index=\"1\">\n\t\t\t<div class=\"container\">\n\t\t\t\t<div class=\"row\">\n\t\t\t\t\t<div class=\"col-md-12 text-left\"> \n\t\t\t\t\t\t\t\t\t\t\t\t\t\t\t\t\t\t\t<div class=\"section-subtitle\">Amphitheater<\/div>\n\t\t\t\t\t\t\t\t\t\t\t\t\t\t\t\t\t\t\t<div class=\"section-title\">Luna<\/div>\n\t\t\t\t\t\t\t\t\t\t\t<\/div>\n\t\t\t\t\t<div class=\"col-md-12\">\n\t\t\t\t\t\t\t\t\t\t\t\t<p>\u201cLuna\u201d is the name of the new St Prex Classics stage infrastructure inaugurated on August 23, 2012.<\/p>\n\n<p>Building on its rapid expansion, the St Prex Classics wanted to set itself the ambition of opening the event to a wider audience, while retaining its sumptuous natural setting that is the Old Town. The challenge consisted of integrating this listed medieval monument into a contemporary extension which remains open but which can be covered if necessary, and which maintains this intimate and extraordinarily stimulating atmosphere for the artists.<\/p>\n\n<p>The artistic DNA of St Prex Classics is based on multidisciplinary creation and the development of the most promising young talents. This stage infrastructure should therefore, to suit the vision of the festival, be able to offer more space to the artists, which will allow young talents to evolve by playing with a large orchestra, and dancers to produce technically advanced performances even when sharing the stage with musicians.<\/p>\n\n<p>The Old Town of Saint-Prex is classified as a national heritage site, which makes this project a real challenge, both technical and complex. To meet this immense challenge, St Prex Classics sought to enlist the collaboration of a partner who matches its ambitions. Given its geographical proximity and the expertise of its laboratories, EPFL was an obvious choice to take on this complex challenge alongside St Prex Classics, given its immense reputation.<\/p>\n\n<p>In collaboration with EPFL, St Prex Classics designed \u201cLuna\u201d, an ideal solution as the harmonious coherence between technological innovations and historical heritage is perfectly respected. This ephemeral stage infrastructure is both innovative and in total symbiosis with the old stones of Saint-Prex, a natural setting which remains entirely visible during the shows.<\/p>\n<p>Luna has also become the architectural emblem of an entire region. The new structure not only accommodates around 750 spectators for the St Prex Classics events, but also attracts a curious public, who come in large numbers to admire this revolutionary wooden arena, whose geometry is modeled on that of the theater of Epidaurus.<\/p>\n\n<p>Luna has undoubtedly brought a new dynamic to the St Prex Classics festival. The Festival is poised to become THE cultural and artistic event at the end of summer in the Lake Geneva region, revitalizing the entire region around Saint-Prex. The public authorities (municipality of Saint-Prex, ARCAM and State of Vaud) were not mistaken, and all decided to generously support the growth and professionalization of the event.<\/p>\n\n<p>Vale International SA was the first main partner of the St Prex Classics when it was created in 2006, and today, as the main partner of Luna, Vale allows the St Prex Classics to take on a whole new dimension. By choosing to support such an emblematic project for the region, Vale wishes to work \u201cto leave a lasting and cultural legacy for future generations\u201d according to Renato Neves, President of Vale International SA.<\/p>\n\n<p>Hazeline van Swaay, founder and President of the Festival, says she is \u201cdelighted that an international company of the stature of Vale, based in Saint-Prex, is making the growth of St Prex Classics possible. Vale is sending a strong signal, and, I hope, will encourage other economic players to do the same for the development of the region.\u201d<\/p>\n\n \n\n<p>Communications on Luna:<\/p>\n<ul>\n<li><a title=\"Communiqu\u00e9 de presse EPFL - aout 2012\" href=\"https:\/\/www.epfl.ch\/labs\/alice\/index-fr-html\/design-research\/page-137208-fr-html\/\" target=\"_blank\" style=\"font-weight: bold\">2012 \u2013 LUNA St Prex - News EPFL.<\/a><\/li>\n<br>\n<li><a title=\"Communiqu\u00e9 de presse EPFL - 2012\" href=\"https:\/\/actu.epfl.ch\/news\/luna-has-arrived-in-st-prex-4\/\" target=\"_blank\" style=\"font-weight: bold\">16 August 2012 \u2013 \"Luna\" has arrived in St-Prex - News EPFL.<\/a><\/li>\n<br>\n<li><a title=\"Communiqu\u00e9 de presse SPC - Mai 2012\" href=\"https:\/\/www.tdg.ch\/installation-spectaculaire-de-la-lune-du-st-prex-classics-739737971385\" target=\"_blank\" style=\"font-weight: bold\">August 16, 2012 \u2013 Spectacular installation of the St Prex Classics moon - Tribune de Gen\u00e8ve<\/a><\/li>\n<\/ul>\n<p>Photomontages \u00a9Studio Tanuki<\/p>\n<p>Photos&nbsp;\u00a9Gregory Batardon<\/p>\n<p>Plan de coupe&nbsp;\u00a9EPFL\/ALICE<\/p>\t\t\t\t\t\t\t\t\t\t\t\t<ul class=\"list-unstyled page-list mb-30\">\n\t\t\t\t\t\t\t\t\t\t\t\t\t<\/ul>\n\t\t\t\t\t<\/div>\n\t\t\t\t<\/div>\n\t\t\t<\/div>\n\t\t<\/section>\n\n\t\t\t<\/div>\n\t\t\t\t<\/div>\n\t\t\t\t<div class=\"elementor-element elementor-element-36096d57 elementor-align-center butn-dark elementor-widget elementor-widget-button\" data-id=\"36096d57\" data-element_type=\"widget\" data-widget_type=\"button.default\">\n\t\t\t\t<div class=\"elementor-widget-container\">\n\t\t\t\t\t<div class=\"elementor-button-wrapper\">\n\t\t\t<a class=\"elementor-button elementor-button-link elementor-size-sm\" href=\"https:\/\/actu.epfl.ch\/news\/luna-has-arrived-in-st-prex\/\">\n\t\t\t\t\t\t<span class=\"elementor-button-content-wrapper\">\n\t\t\t\t\t\t\t\t\t<span class=\"elementor-button-text\">lire l'article de l'EPFL<\/span>\n\t\t\t\t\t<\/span>\n\t\t\t\t\t<\/a>\n\t\t<\/div>\n\t\t\t\t<\/div>\n\t\t\t\t<\/div>\n\t\t\t\t<div class=\"elementor-element elementor-element-6333106 elementor-align-center elementor-widget elementor-widget-pages-gallery\" data-id=\"6333106\" data-element_type=\"widget\" data-widget_type=\"pages-gallery.default\">\n\t\t\t\t<div class=\"elementor-widget-container\">\n\t\t\t\r\n\t\t<section class=\"section-padding\">\r\n\t\t\t<div class=\"container\">\r\n\t\t\t\t<div class=\"row\">\r\n\t\t\t\t\t<div class=\"col-md-12\">\r\n\t\t\t\t\t\t\t\t\t\t\t\t\t\t\t\t\t<\/div>\r\n\t\t\t\t\t<!-- 3 columns -->\r\n\t\t\t\t\t\t\t\t\t\t\t\t\t\t\t\t\t<div class=\"col-md-4 gallery-item\">\r\n\t\t\t\t\t\t\t\t\t\t\t\t\t\t\t\t\t\t\t<a href=\"https:\/\/luna-classics.com\/wp-content\/uploads\/2023\/12\/img_6713.jpg\" title=\"\" class=\"img-zoom\">\r\n\t\t\t\t\t\t\t\t<div class=\"gallery-box\">\r\n\t\t\t\t\t\t\t\t\t<div class=\"gallery-img\"> <img decoding=\"async\" src=\"https:\/\/luna-classics.com\/wp-content\/uploads\/2023\/12\/img_6713.jpg\" class=\"img-fluid mx-auto d-block\" alt=\"work-img\"> <\/div>\r\n\t\t\t\t\t\t\t\t<\/div>\r\n\t\t\t\t\t\t\t<\/a>\r\n\t\t\t\t\t\t\t\t\t\t\t\t\t<\/div>\r\n\t\t\t\t\t\t\t\t\t\t\t\t\t\t\t\t\t<div class=\"col-md-4 gallery-item\">\r\n\t\t\t\t\t\t\t\t\t\t\t\t\t\t\t\t\t\t\t<a href=\"https:\/\/luna-classics.com\/wp-content\/uploads\/2023\/12\/img_6973.jpg\" title=\"\" class=\"img-zoom\">\r\n\t\t\t\t\t\t\t\t<div class=\"gallery-box\">\r\n\t\t\t\t\t\t\t\t\t<div class=\"gallery-img\"> <img decoding=\"async\" src=\"https:\/\/luna-classics.com\/wp-content\/uploads\/2023\/12\/img_6973.jpg\" class=\"img-fluid mx-auto d-block\" alt=\"work-img\"> <\/div>\r\n\t\t\t\t\t\t\t\t<\/div>\r\n\t\t\t\t\t\t\t<\/a>\r\n\t\t\t\t\t\t\t\t\t\t\t\t\t<\/div>\r\n\t\t\t\t\t\t\t\t\t\t\t\t\t\t\t\t\t<div class=\"col-md-4 gallery-item\">\r\n\t\t\t\t\t\t\t\t\t\t\t\t\t\t\t\t\t\t\t<a href=\"https:\/\/luna-classics.com\/wp-content\/uploads\/2023\/12\/img_7432.jpg\" title=\"\" class=\"img-zoom\">\r\n\t\t\t\t\t\t\t\t<div class=\"gallery-box\">\r\n\t\t\t\t\t\t\t\t\t<div class=\"gallery-img\"> <img decoding=\"async\" src=\"https:\/\/luna-classics.com\/wp-content\/uploads\/2023\/12\/img_7432.jpg\" class=\"img-fluid mx-auto d-block\" alt=\"work-img\"> <\/div>\r\n\t\t\t\t\t\t\t\t<\/div>\r\n\t\t\t\t\t\t\t<\/a>\r\n\t\t\t\t\t\t\t\t\t\t\t\t\t<\/div>\r\n\t\t\t\t\t\t\t\t\t\t\t\t\t\t\t\t\t<div class=\"col-md-4 gallery-item\">\r\n\t\t\t\t\t\t\t\t\t\t\t\t\t\t\t\t\t\t\t<a href=\"https:\/\/luna-classics.com\/wp-content\/uploads\/2023\/12\/img_7542.jpg\" title=\"\" class=\"img-zoom\">\r\n\t\t\t\t\t\t\t\t<div class=\"gallery-box\">\r\n\t\t\t\t\t\t\t\t\t<div class=\"gallery-img\"> <img decoding=\"async\" src=\"https:\/\/luna-classics.com\/wp-content\/uploads\/2023\/12\/img_7542.jpg\" class=\"img-fluid mx-auto d-block\" alt=\"work-img\"> <\/div>\r\n\t\t\t\t\t\t\t\t<\/div>\r\n\t\t\t\t\t\t\t<\/a>\r\n\t\t\t\t\t\t\t\t\t\t\t\t\t<\/div>\r\n\t\t\t\t\t\t\t\t\t\t\t\t\t\t\t\t\t<div class=\"col-md-4 gallery-item\">\r\n\t\t\t\t\t\t\t\t\t\t\t\t\t\t\t\t\t\t\t<a href=\"https:\/\/luna-classics.com\/wp-content\/uploads\/2023\/12\/img_7576.jpg\" title=\"\" class=\"img-zoom\">\r\n\t\t\t\t\t\t\t\t<div class=\"gallery-box\">\r\n\t\t\t\t\t\t\t\t\t<div class=\"gallery-img\"> <img decoding=\"async\" src=\"https:\/\/luna-classics.com\/wp-content\/uploads\/2023\/12\/img_7576.jpg\" class=\"img-fluid mx-auto d-block\" alt=\"work-img\"> <\/div>\r\n\t\t\t\t\t\t\t\t<\/div>\r\n\t\t\t\t\t\t\t<\/a>\r\n\t\t\t\t\t\t\t\t\t\t\t\t\t<\/div>\r\n\t\t\t\t\t\t\t\t\t\t\t\t\t\t\t\t\t<div class=\"col-md-4 gallery-item\">\r\n\t\t\t\t\t\t\t\t\t\t\t\t\t\t\t\t\t\t\t<a href=\"https:\/\/luna-classics.com\/wp-content\/uploads\/2023\/12\/img_7585-scaled.jpg\" title=\"\" class=\"img-zoom\">\r\n\t\t\t\t\t\t\t\t<div class=\"gallery-box\">\r\n\t\t\t\t\t\t\t\t\t<div class=\"gallery-img\"> <img decoding=\"async\" src=\"https:\/\/luna-classics.com\/wp-content\/uploads\/2023\/12\/img_7585-scaled.jpg\" class=\"img-fluid mx-auto d-block\" alt=\"work-img\"> <\/div>\r\n\t\t\t\t\t\t\t\t<\/div>\r\n\t\t\t\t\t\t\t<\/a>\r\n\t\t\t\t\t\t\t\t\t\t\t\t\t<\/div>\r\n\t\t\t\t\t\t\t\t\t\t\t\t\t\t\t\t\t<div class=\"col-md-4 gallery-item\">\r\n\t\t\t\t\t\t\t\t\t\t\t\t\t\t\t\t\t\t\t<a href=\"https:\/\/luna-classics.com\/wp-content\/uploads\/2023\/12\/movement-luna.jpg\" title=\"\" class=\"img-zoom\">\r\n\t\t\t\t\t\t\t\t<div class=\"gallery-box\">\r\n\t\t\t\t\t\t\t\t\t<div class=\"gallery-img\"> <img decoding=\"async\" src=\"https:\/\/luna-classics.com\/wp-content\/uploads\/2023\/12\/movement-luna.jpg\" class=\"img-fluid mx-auto d-block\" alt=\"work-img\"> <\/div>\r\n\t\t\t\t\t\t\t\t<\/div>\r\n\t\t\t\t\t\t\t<\/a>\r\n\t\t\t\t\t\t\t\t\t\t\t\t\t<\/div>\r\n\t\t\t\t\t\t\t\t\t<\/div>\r\n\t\t\t<\/div>\r\n\t\t<\/section>\r\n\t\t\r\n\r\n\t\t\t<\/div>\n\t\t\t\t<\/div>\n\t\t\t\t<div class=\"elementor-element elementor-element-4870b23 elementor-align-left elementor-widget elementor-widget-pages-restaurant-banner\" data-id=\"4870b23\" data-element_type=\"widget\" data-widget_type=\"pages-restaurant-banner.default\">\n\t\t\t\t<div class=\"elementor-widget-container\">\n\t\t\t\r\n\t\t<header class=\"header slider\">\r\n\t\t\t<div class=\"owl-carousel owl-theme\">\r\n\t\t\t\t<!-- The opacity on the image is made with \"data-overlay-dark=\"number\". You can change it using the numbers 0-9. -->\r\n\t\t\t\t\t\t\t\t\t\t\t\t\t\t\t<div class=\"text-center item bg-img\" data-overlay-dark=\"3\" data-background=\"https:\/\/www.youtube.com\/watch?v=UxL4J9P_DB4\"><\/div>\r\n\t\t\t\t\t\t\t\t\t\t\t\t\t\t\t\t\t\t\t\t<div class=\"text-center item bg-img\" data-overlay-dark=\"3\" data-background=\"https:\/\/luna-classics.com\/wp-content\/uploads\/2023\/11\/webst-prex2012-gregorybatardon-78.jpg\"><\/div>\r\n\t\t\t\t\t\t\t\t\t\t\t\t\t\t\t\t\t\t\t\t<div class=\"text-center item bg-img\" data-overlay-dark=\"3\" data-background=\"https:\/\/luna-classics.com\/wp-content\/uploads\/2023\/11\/st-prex2012-gregorybatardon-0641.jpg\"><\/div>\r\n\t\t\t\t\t\t\t\t\t\t\t\t\t\t\t\t\t\t\t\t<div class=\"text-center item bg-img\" data-overlay-dark=\"3\" data-background=\"https:\/\/luna-classics.com\/wp-content\/uploads\/2023\/11\/st-prex2012-gregorybatardon-9118.jpg\"><\/div>\r\n\t\t\t\t\t\t\t\t\t\t\t\t<\/div>\r\n\t\t\t<!-- arrow down -->\r\n\t\t\t<div class=\"arrow bounce text-center\">\r\n\t\t\t\t<a href=\"#\" data-scroll-nav=\"1\" class=\"\"> <i class=\"ti-arrow-down\"><\/i> <\/a>\r\n\t\t\t<\/div>\r\n\t\t<\/header>\r\n\r\n\t\t\r\n\t\t\t<\/div>\n\t\t\t\t<\/div>\n\t\t\t\t\t<\/div>\n\t\t<\/div>\n\t\t\t\t\t<\/div>\n\t\t<\/section>\n\t\t\t\t<\/div>","protected":false},"excerpt":{"rendered":"<p>l&rsquo;amphith\u00e9\u00e2tre Luna \u00ab Luna \u00bb est le nom de la nouvelle infrastructure sc\u00e9nique du St Prex Classics inaugur\u00e9e le 23 ao\u00fbt 2012. Fort de sa rapide expansion, le St Prex Classics a voulu se donner l\u2019ambition d\u2019ouvrir la manifestation \u00e0 un public plus large, tout en conservant son \u00e9crin naturel somptueux qu\u2019est le Vieux Bourg. [&hellip;]<\/p>","protected":false},"author":1,"featured_media":0,"parent":0,"menu_order":0,"comment_status":"closed","ping_status":"closed","template":"page-templates\/dark-sidebar.php","meta":{"footnotes":""},"class_list":["post-3137","page","type-page","status-publish","hentry"],"_links":{"self":[{"href":"https:\/\/luna-classics.com\/en\/wp-json\/wp\/v2\/pages\/3137","targetHints":{"allow":["GET"]}}],"collection":[{"href":"https:\/\/luna-classics.com\/en\/wp-json\/wp\/v2\/pages"}],"about":[{"href":"https:\/\/luna-classics.com\/en\/wp-json\/wp\/v2\/types\/page"}],"author":[{"embeddable":true,"href":"https:\/\/luna-classics.com\/en\/wp-json\/wp\/v2\/users\/1"}],"replies":[{"embeddable":true,"href":"https:\/\/luna-classics.com\/en\/wp-json\/wp\/v2\/comments?post=3137"}],"version-history":[{"count":33,"href":"https:\/\/luna-classics.com\/en\/wp-json\/wp\/v2\/pages\/3137\/revisions"}],"predecessor-version":[{"id":4244,"href":"https:\/\/luna-classics.com\/en\/wp-json\/wp\/v2\/pages\/3137\/revisions\/4244"}],"wp:attachment":[{"href":"https:\/\/luna-classics.com\/en\/wp-json\/wp\/v2\/media?parent=3137"}],"curies":[{"name":"wp","href":"https:\/\/api.w.org\/{rel}","templated":true}]}}